{"id":3087,"date":"2018-05-23T15:06:38","date_gmt":"2018-05-23T13:06:38","guid":{"rendered":"http:\/\/www.blogaroundsound.de\/?page_id=3087"},"modified":"2018-05-23T16:24:09","modified_gmt":"2018-05-23T14:24:09","slug":"impressum","status":"publish","type":"page","link":"https:\/\/www.blogaroundsound.de\/?page_id=3087","title":{"rendered":"Impressum"},"content":{"rendered":"<h3>IMPRESSUM + DATENSCHUTZERKL\u00c4RUNG<\/h3>\n<h4>\u00a9 2016\u00a0Volker Giesek, Musiker<\/h4>\n<p>Fischerstra\u00dfe 10<br \/>\n85737 Ismaning<\/p>\n<p>Telefon\u00a0+49 (0)89 \u2013 9 61 35 59<br \/>\nFax +49 (0)89 \u2013 96 20 13 98<\/p>\n<p>E-Mail:\u00a0<a>postfach(at)volkergiesek.de<\/a><br \/>\nInternet:\u00a0<a href=\"http:\/\/www.volkergiesek.de\/\">www.volkergiesek.de<\/a><\/p>\n<p>Inhaltlich Verantwortlicher<br \/>\ngem\u00e4\u00df \u00a710 Absatz 3 MDStV:<br \/>\nVolker Giesek<\/p>\n<p>Stand April 2018<\/p>\n<h3>Rechtliche Hinweise:<\/h3>\n<p><b>1. Haftungsbeschr\u00e4nkung<\/b><br \/>\nDie Inhalte dieser Website werden mit gr\u00f6\u00dftm\u00f6glicher Sorgfalt erstellt. Der Anbieter \u00fcbernimmt jedoch keine Gew\u00e4hr f\u00fcr die Richtigkeit, Vollst\u00e4ndigkeit und Aktualit\u00e4t der bereitgestellten Inhalte. Die Nutzung der Inhalte der Website erfolgt auf eigene Gefahr des Nutzers. Namentlich gekennzeichnete Beitr\u00e4ge geben die Meinung des jeweiligen Autors und nicht immer die Meinung des Anbieters wieder. Mit der reinen Nutzung der Website des Anbieters kommt keinerlei Vertragsverh\u00e4ltnis zwischen dem Nutzer und dem Anbieter zustande.<\/p>\n<p><b>2. Externe Links<\/b><br \/>\nDiese Website enth\u00e4lt Verkn\u00fcpfungen zu Websites Dritter (\u201eexterne Links\u201c). Diese Websites unterliegen der Haftung der jeweiligen Betreiber. Der Anbieter hat bei der erstmaligen Verkn\u00fcpfung der externen Links die fremden Inhalte daraufhin \u00fcberpr\u00fcft, ob etwaige Rechtsverst\u00f6\u00dfe bestehen. Zu dem Zeitpunkt waren keine Rechtsverst\u00f6\u00dfe ersichtlich. Der Anbieter hat keinerlei Einfluss auf die aktuelle und zuk\u00fcnftige Gestaltung und auf die Inhalte der verkn\u00fcpften Seiten. Das Setzen von externen Links bedeutet nicht, dass sich der Anbieter die hinter dem Verweis oder Link liegenden Inhalte zu Eigen macht. Eine st\u00e4ndige Kontrolle dieser externen Links ist f\u00fcr den Anbieter ohne konkrete Hinweise auf Rechtsverst\u00f6\u00dfe nicht zumutbar. Bei Kenntnis von Rechtsverst\u00f6\u00dfen werden jedoch derartige externe Links unverz\u00fcglich gel\u00f6scht.<\/p>\n<p><b>3. Urheber- und Leistungsschutzrechte<\/b><br \/>\nDie auf dieser Website ver\u00f6ffentlichten Inhalte unterliegen dem deutschen Urheber- und Leistungsschutzrecht. Jede vom deutschen Urheber- und Leistungsschutzrecht nicht zugelassene Verwertung bedarf der vorherigen schriftlichen Zustimmung des Anbieters oder jeweiligen Rechteinhabers. Dies gilt insbesondere f\u00fcr Vervielf\u00e4ltigung, Bearbeitung, \u00dcbersetzung, Einspeicherung, Verarbeitung bzw. Wiedergabe von Inhalten in Datenbanken oder anderen elektronischen Medien und Systemen. Inhalte und Rechte Dritter sind dabei als solche gekennzeichnet. Die unerlaubte Vervielf\u00e4ltigung oder Weitergabe einzelner Inhalte oder kompletter Seiten ist nicht gestattet und strafbar. Lediglich die Herstellung von Kopien und Downloads f\u00fcr den pers\u00f6nlichen, privaten und nicht kommerziellen Gebrauch ist erlaubt.\u00a0Die Darstellung dieser Website in fremden Frames ist nur mit schriftlicher Erlaubnis zul\u00e4ssig.<\/p>\n<h3><\/h3>\n<div id=\"main-content\">\n<h3>Datenschutzerkl\u00e4rung:<\/h3>\n<p><b>Datenschutz<br \/>\n<\/b>Die Betreiber dieser Seiten nehmen den Schutz Ihrer pers\u00f6nlichen Daten sehr ernst. Wir behandeln Ihre\u00a0personenbezogenen Daten vertraulich und entsprechend der gesetzlichen Datenschutzvorschriften sowie\u00a0dieser Datenschutzerkl\u00e4rung.<\/p>\n<p>Die Nutzung unserer Website ist in der Regel ohne Angabe personenbezogener Daten m\u00f6glich. Soweit\u00a0auf unseren Seiten personenbezogene Daten (beispielsweise Name, Anschrift oder E-Mail-Adressen)\u00a0erhoben werden, erfolgt dies, soweit m\u00f6glich, stets auf freiwilliger Basis. Diese Daten werden ohne Ihre\u00a0ausdr\u00fcckliche Zustimmung nicht an Dritte weitergegeben.<\/p>\n<p>Wir weisen darauf hin, dass die Daten\u00fcbertragung im Internet (z.B. bei der Kommunikation per E-Mail)\u00a0Sicherheitsl\u00fccken aufweisen kann. Ein l\u00fcckenloser Schutz der Daten vor dem Zugriff durch Dritte ist nicht\u00a0m\u00f6glich.<\/p>\n<p><b>Kontaktformular<br \/>\n<\/b>Wenn Sie uns per Kontaktformular Anfragen zukommen lassen, werden Ihre Angaben aus dem\u00a0Anfrageformular inklusive der von Ihnen dort angegebenen Kontaktdaten zwecks Bearbeitung der\u00a0Anfrage und f\u00fcr den Fall von Anschlussfragen bei uns gespeichert. Diese Daten geben wir nicht ohne Ihre\u00a0Einwilligung weiter.<\/p>\n<p><b>Newsletterdaten<br \/>\n<\/b>Wenn Sie den auf der Website angebotenen Newsletter beziehen m\u00f6chten, ben\u00f6tigen wir von Ihnen eine\u00a0E-Mail-Adresse sowie Informationen, welche uns die .berpr\u00fcfung gestatten, dass Sie der Inhaber der\u00a0angegebenen E-Mail-Adresse sind und mit dem Empfang des Newsletters einverstanden sind. Weitere\u00a0Daten werden nicht erhoben. Diese Daten verwenden wir ausschlie\u00dflich f\u00fcr den Versand der\u00a0angeforderten Informationen und geben sie nicht an Dritte weiter.\u00a0Die erteilte Einwilligung zur Speicherung der Daten, der E-Mail-Adresse sowie deren Nutzung zum\u00a0Versand des Newsletters k\u00f6nnen Sie jederzeit widerrufen, etwa \u00fcber den &#8220;Austragen&#8221;-Link im Newsletter.<\/p>\n<p><b><strong>Google Analytics<br \/>\n<\/strong><\/b>Diese Website nutzt Funktionen des Webanalysedienstes Google Analytics. Anbieter ist die Google Inc.,\u00a01600 Amphitheatre Parkway Mountain View, CA 94043, USA.<br \/>\nGoogle Analytics verwendet so genannte &#8220;Cookies&#8221;. Das sind Textdateien, die auf Ihrem Computer\u00a0gespeichert werden und die eine Analyse der Benutzung der Website durch Sie erm\u00f6glichen. Die durch\u00a0den Cookie erzeugten Informationen \u00fcber Ihre Benutzung dieser Website werden in der Regel an einen\u00a0Server von Google in den USA \u00fcbertragen und dort gespeichert.<br \/>\n<strong><br \/>\nBrowser Plugin<br \/>\n<\/strong>Sie k\u00f6nnen die Speicherung der Cookies durch eine entsprechende Einstellung Ihrer Browser-Software\u00a0verhindern; wir weisen Sie jedoch darauf hin, dass Sie in diesem Fall gegebenenfalls nicht s\u00e4mtliche\u00a0Funktionen dieser Website vollumf\u00e4nglich werden nutzen k\u00f6nnen. Sie k\u00f6nnen dar\u00fcber hinaus die\u00a0Erfassung der durch den Cookie erzeugten und auf Ihre Nutzung der Website bezogenen Daten (inkl.\u00a0Ihrer IP-Adresse) an Google sowie die Verarbeitung dieser Daten durch Google verhindern, indem Sie\u00a0das unter dem folgenden Link verf\u00fcgbare Browser-Plugin herunterladen und installieren:\u00a0<a href=\"https:\/\/tools.google.com\/dlpage\/gaoptout?hl=de\" target=\"_blank\" rel=\"noopener\">https:\/\/tools.google.com\/<\/a><\/p>\n<p><strong>Widerspruch gegen Datenerfassung<br \/>\n<\/strong>Sie k\u00f6nnen die Erfassung Ihrer Daten durch Google Analytics verhindern, indem Sie auf folgenden Link\u00a0klicken. Es wird ein Opt-Out-Cookie gesetzt, der die Erfassung Ihrer Daten bei zuk\u00fcnftigen Besuchen\u00a0dieser Website verhindert:<br \/>\n<a>Google Analytics deaktivieren<\/a>.<br \/>\nMehr Informationen zum Umgang mit Nutzerdaten bei Google Analytics finden Sie in der Datenschutzerkl\u00e4rung von Google: <a href=\"https:\/\/support.google.com\/analytics\/answer\/6004245?hl=de\" target=\"_blank\" rel=\"noopener\">https:\/\/support.google.com\/<\/a><\/p>\n<\/div>\n<p><strong><br \/>\nSpotify<br \/>\n<\/strong>Auf unseren Seiten sind Funktionen des Musik-Dienstes Spotify eingebunden. Anbieter ist die Spotify AB,\u00a0Birger Jarlsgatan 61, 113 56 Stockholm in Schweden. Die Spotify PlugIns erkennen Sie an dem gr\u00fcnen\u00a0Logo auf unserer Seite. Eine \u00dcbersicht \u00fcber die Spotify-PlugIns finden Sie unter\u00a0<a href=\"https:\/\/developer.spotify.com\/\" target=\"_blank\" rel=\"noopener\">https:\/\/developer.spotify.com<\/a><\/p>\n<p>Dadurch kann beim Besuch unserer Seiten \u00fcber das Plugin eine direkte Verbindung zwischen Ihrem\u00a0Browser und dem Spotify-Server hergestellt werden. Spotify erh\u00e4lt dadurch die Information, dass Sie mit\u00a0Ihrer IP-Adresse unsere Seite besucht haben. Wenn Sie den Spotify Button anklicken w\u00e4hrend Sie in\u00a0Ihrem Spotify-Account eingeloggt sind, k\u00f6nnen Sie die Inhalte unserer Seiten auf Ihrem Spotify Profil\u00a0verlinken. Dadurch kann Spotify den Besuch unserer Seiten Ihrem Benutzerkonto zuordnen.<br \/>\nWeitere Informationen hierzu finden Sie in der Datenschutzerkl\u00e4rung von Spotify:<br \/>\n<a href=\"https:\/\/www.spotify.com\/de\/legal\/privacy-policy\/\" target=\"_blank\" rel=\"noopener\">https:\/\/www.spotify.com\/<br \/>\n<\/a>Wenn Sie nicht w\u00fcnschen, dass Spotify den Besuch unserer Seiten Ihrem Spotify-Nutzerkonto zuordnen\u00a0kann, loggen Sie sich bitte aus Ihrem Spotify-Benutzerkonto aus.<\/p>\n<p><strong>YouTube<br \/>\n<\/strong>Unsere Website nutzt Plugins der von Google betriebenen Seite YouTube. Betreiber der Seiten ist die\u00a0YouTube, LLC, 901 Cherry Ave., San Bruno, CA 94066, USA. Wenn Sie eine unserer mit einem YouTube-Plugin ausgestatteten Seiten besuchen, wird eine Verbindung zu den Servern von YouTube hergestellt.\u00a0Dabei wird dem Youtube-Server mitgeteilt, welche unserer Seiten Sie besucht haben.\u00a0Wenn Sie in Ihrem YouTube-Account eingeloggt sind erm\u00f6glichen Sie YouTube, Ihr Surfverhalten direkt\u00a0Ihrem pers\u00f6nlichen Profil zuzuordnen. Dies k\u00f6nnen Sie verhindern, indem Sie sich aus Ihrem YouTube-Account ausloggen.<br \/>\nWeitere Informationen zum Umgang von Nutzerdaten finden Sie in der Datenschutzerkl\u00e4rung von\u00a0YouTube unter: <a href=\"https:\/\/www.google.de\/intl\/de\/policies\/privacy\" target=\"_blank\" rel=\"noopener\">https:\/\/www.google.de\/intl\/de\/policies\/privacy<\/a><\/p>\n<p><strong>SSL-Verschl\u00fcsselung<br \/>\n<\/strong>Diese Seite nutzt aus Gr\u00fcnden der Sicherheit und zum Schutz der \u00dcbertragung vertraulicher Inhalte, wie\u00a0zum Beispiel der Anfragen, die Sie an uns als Seitenbetreiber senden, eine SSL-Verschl\u00fcsselung. Eine\u00a0verschl\u00fcsselte Verbindung erkennen Sie daran, dass die Adresszeile des Browsers von &#8220;http:\/\/&#8221; auf\u00a0&#8220;https:\/\/&#8221; wechselt und an dem Schloss-Symbol in Ihrer Browserzeile.\u00a0Wenn die SSL Verschl\u00fcsselung aktiviert ist, k\u00f6nnen die Daten, die Sie an uns \u00fcbermitteln, nicht von\u00a0Dritten mitgelesen werden.<\/p>\n<p><strong>Recht auf Auskunft, L\u00f6schung, Sperrung<br \/>\n<\/strong>Sie haben jederzeit das Recht auf unentgeltliche Auskunft \u00fcber Ihre gespeicherten personenbezogenen\u00a0Daten, deren Herkunft und Empf\u00e4nger und den Zweck der Datenverarbeitung sowie ein Recht auf\u00a0Berichtigung, Sperrung oder L\u00f6schung dieser Daten. Hierzu sowie zu weiteren Fragen zum Thema\u00a0personenbezogene Daten k\u00f6nnen Sie sich jederzeit unter der im Impressum angegebenen Adresse an\u00a0uns wenden.<\/p>\n<p><strong>Widerspruch Werbe-Mails<br \/>\n<\/strong>Der Nutzung von im Rahmen der Impressumspflicht ver\u00f6ffentlichten Kontaktdaten zur \u00dcbersendung von\u00a0nicht ausdr\u00fccklich angeforderter Werbung und Informationsmaterialien wird hiermit widersprochen. Die\u00a0Betreiber der Seiten behalten sich ausdr\u00fccklich rechtliche Schritte im Falle der unverlangten Zusendung\u00a0von Werbeinformationen, etwa durch Spam-E-Mails, vor.<\/p>\n<p>Quelle: <a href=\"http:\/\/www.e-recht24.de\/\" target=\"_blank\" rel=\"noopener\">e-recht24.de<\/a><\/p>\n","protected":false},"excerpt":{"rendered":"<p>IMPRESSUM + DATENSCHUTZERKL\u00c4RUNG \u00a9 2016\u00a0Volker Giesek, Musiker Fischerstra\u00dfe 10 85737 Ismaning Telefon\u00a0+49 (0)89 \u2013 9 61 35 59 Fax +49 (0)89 \u2013 96 20 13 98 E-Mail:\u00a0postfach(at)volkergiesek.de Internet:\u00a0www.volkergiesek.de Inhaltlich Verantwortlicher gem\u00e4\u00df \u00a710 Absatz 3 MDStV: Volker Giesek Stand April 2018 Rechtliche Hinweise: 1. Haftungsbeschr\u00e4nkung Die Inhalte dieser Website werden mit gr\u00f6\u00dftm\u00f6glicher Sorgfalt erstellt. Der Anbieter \u00fcbernimmt jedoch keine Gew\u00e4hr f\u00fcr die Richtigkeit, Vollst\u00e4ndigkeit und Aktualit\u00e4t der bereitgestellten Inhalte. Die Nutzung der Inhalte der Website erfolgt auf eigene Gefahr des Nutzers. Namentlich gekennzeichnete Beitr\u00e4ge geben die Meinung des jeweiligen Autors und nicht immer die Meinung des Anbieters wieder. Mit der reinen Nutzung der Website des Anbieters kommt keinerlei Vertragsverh\u00e4ltnis zwischen dem Nutzer und dem Anbieter zustande. 2. Externe Links Diese Website enth\u00e4lt Verkn\u00fcpfungen zu Websites Dritter (\u201eexterne Links\u201c). Diese Websites unterliegen der Haftung der jeweiligen Betreiber. Der Anbieter hat bei der erstmaligen Verkn\u00fcpfung der externen Links die fremden Inhalte daraufhin \u00fcberpr\u00fcft, ob etwaige Rechtsverst\u00f6\u00dfe bestehen. Zu dem Zeitpunkt waren keine Rechtsverst\u00f6\u00dfe ersichtlich. Der Anbieter hat keinerlei Einfluss auf die aktuelle und zuk\u00fcnftige Gestaltung und auf die Inhalte der verkn\u00fcpften Seiten. Das Setzen von externen Links bedeutet nicht, dass sich der Anbieter die hinter dem Verweis oder Link liegenden Inhalte zu Eigen macht. Eine st\u00e4ndige Kontrolle dieser externen Links ist f\u00fcr den Anbieter ohne konkrete Hinweise auf Rechtsverst\u00f6\u00dfe nicht zumutbar. Bei Kenntnis von Rechtsverst\u00f6\u00dfen werden jedoch derartige externe Links unverz\u00fcglich gel\u00f6scht. 3. Urheber- und Leistungsschutzrechte Die auf dieser Website ver\u00f6ffentlichten Inhalte unterliegen dem deutschen Urheber- und Leistungsschutzrecht. Jede vom deutschen Urheber- und Leistungsschutzrecht nicht zugelassene Verwertung bedarf der vorherigen schriftlichen Zustimmung des Anbieters oder jeweiligen Rechteinhabers. Dies gilt insbesondere f\u00fcr Vervielf\u00e4ltigung, Bearbeitung, \u00dcbersetzung, Einspeicherung, Verarbeitung bzw. Wiedergabe von Inhalten in Datenbanken oder anderen elektronischen Medien und Systemen. Inhalte und Rechte Dritter sind dabei als solche gekennzeichnet. Die unerlaubte Vervielf\u00e4ltigung oder Weitergabe einzelner Inhalte oder kompletter Seiten ist nicht gestattet und strafbar. Lediglich die Herstellung von Kopien und Downloads f\u00fcr den pers\u00f6nlichen, privaten und nicht kommerziellen Gebrauch ist erlaubt.\u00a0Die Darstellung dieser Website in fremden Frames ist nur mit schriftlicher Erlaubnis zul\u00e4ssig. Datenschutzerkl\u00e4rung: Datenschutz Die Betreiber dieser Seiten nehmen den Schutz Ihrer pers\u00f6nlichen Daten sehr ernst. Wir behandeln Ihre\u00a0personenbezogenen Daten vertraulich und entsprechend der gesetzlichen Datenschutzvorschriften sowie\u00a0dieser Datenschutzerkl\u00e4rung. Die Nutzung unserer Website ist in der Regel ohne Angabe personenbezogener Daten m\u00f6glich. Soweit\u00a0auf unseren Seiten personenbezogene Daten (beispielsweise Name, Anschrift oder E-Mail-Adressen)\u00a0erhoben werden, erfolgt dies, soweit m\u00f6glich, stets auf freiwilliger Basis. Diese Daten werden ohne Ihre\u00a0ausdr\u00fcckliche Zustimmung nicht an Dritte weitergegeben. Wir weisen darauf hin, dass die Daten\u00fcbertragung im Internet (z.B. bei der Kommunikation per E-Mail)\u00a0Sicherheitsl\u00fccken aufweisen kann. Ein l\u00fcckenloser Schutz der Daten vor dem Zugriff durch Dritte ist nicht\u00a0m\u00f6glich. Kontaktformular Wenn Sie uns per Kontaktformular Anfragen zukommen lassen, werden Ihre Angaben aus dem\u00a0Anfrageformular inklusive der von Ihnen dort angegebenen Kontaktdaten zwecks Bearbeitung der\u00a0Anfrage und f\u00fcr den Fall von Anschlussfragen bei uns gespeichert. Diese Daten geben wir nicht ohne Ihre\u00a0Einwilligung weiter. Newsletterdaten Wenn Sie den auf der Website angebotenen Newsletter beziehen m\u00f6chten, ben\u00f6tigen wir von Ihnen eine\u00a0E-Mail-Adresse sowie Informationen, welche uns die .berpr\u00fcfung gestatten, dass Sie der Inhaber der\u00a0angegebenen E-Mail-Adresse sind und mit dem Empfang des Newsletters einverstanden sind. Weitere\u00a0Daten werden nicht erhoben. Diese Daten verwenden wir ausschlie\u00dflich f\u00fcr den Versand der\u00a0angeforderten Informationen und geben sie nicht an Dritte weiter.\u00a0Die erteilte Einwilligung zur Speicherung der Daten, der E-Mail-Adresse sowie deren Nutzung zum\u00a0Versand des Newsletters k\u00f6nnen Sie jederzeit widerrufen, etwa \u00fcber den &#8220;Austragen&#8221;-Link im Newsletter. Google Analytics Diese Website nutzt Funktionen des Webanalysedienstes Google Analytics. Anbieter ist die Google Inc.,\u00a01600 Amphitheatre Parkway Mountain View, CA 94043, USA. Google Analytics verwendet so genannte &#8220;Cookies&#8221;. Das sind Textdateien, die auf Ihrem Computer\u00a0gespeichert werden und die eine Analyse der Benutzung der Website durch Sie erm\u00f6glichen. Die durch\u00a0den Cookie erzeugten Informationen \u00fcber Ihre Benutzung dieser Website werden in der Regel an einen\u00a0Server von Google in den USA \u00fcbertragen und dort gespeichert. Browser Plugin Sie k\u00f6nnen die Speicherung der Cookies durch eine entsprechende Einstellung Ihrer Browser-Software\u00a0verhindern; wir weisen Sie jedoch darauf hin, dass Sie in diesem Fall gegebenenfalls nicht s\u00e4mtliche\u00a0Funktionen dieser Website vollumf\u00e4nglich werden nutzen k\u00f6nnen. Sie k\u00f6nnen dar\u00fcber hinaus die\u00a0Erfassung der durch den Cookie erzeugten und auf Ihre Nutzung der Website bezogenen Daten (inkl.\u00a0Ihrer IP-Adresse) an Google sowie die Verarbeitung dieser Daten durch Google verhindern, indem Sie\u00a0das unter dem folgenden Link verf\u00fcgbare Browser-Plugin herunterladen und installieren:\u00a0https:\/\/tools.google.com\/ Widerspruch gegen Datenerfassung Sie k\u00f6nnen die Erfassung Ihrer Daten durch Google Analytics verhindern, indem Sie auf folgenden Link\u00a0klicken. Es wird ein Opt-Out-Cookie gesetzt, der die Erfassung Ihrer Daten bei zuk\u00fcnftigen Besuchen\u00a0dieser Website verhindert: Google Analytics deaktivieren. Mehr Informationen zum Umgang mit Nutzerdaten bei Google Analytics finden Sie in der Datenschutzerkl\u00e4rung von Google: https:\/\/support.google.com\/ Spotify Auf unseren Seiten sind Funktionen des Musik-Dienstes Spotify eingebunden. Anbieter ist die Spotify AB,\u00a0Birger Jarlsgatan 61, 113 56 Stockholm in Schweden. Die Spotify PlugIns erkennen Sie an dem gr\u00fcnen\u00a0Logo auf unserer Seite. Eine \u00dcbersicht \u00fcber die Spotify-PlugIns finden Sie unter\u00a0https:\/\/developer.spotify.com Dadurch kann beim Besuch unserer Seiten \u00fcber das Plugin eine direkte Verbindung zwischen Ihrem\u00a0Browser und dem Spotify-Server hergestellt werden. Spotify erh\u00e4lt dadurch die Information, dass Sie mit\u00a0Ihrer IP-Adresse unsere Seite besucht haben. Wenn Sie den Spotify Button anklicken w\u00e4hrend Sie in\u00a0Ihrem Spotify-Account eingeloggt sind, k\u00f6nnen Sie die Inhalte unserer Seiten auf Ihrem Spotify Profil\u00a0verlinken. Dadurch kann Spotify den Besuch unserer Seiten Ihrem Benutzerkonto zuordnen. Weitere Informationen hierzu finden Sie in der Datenschutzerkl\u00e4rung von Spotify: https:\/\/www.spotify.com\/ Wenn Sie nicht w\u00fcnschen, dass Spotify den Besuch unserer Seiten Ihrem Spotify-Nutzerkonto zuordnen\u00a0kann, loggen Sie sich bitte aus Ihrem Spotify-Benutzerkonto aus. YouTube Unsere Website nutzt Plugins der von Google betriebenen Seite YouTube. Betreiber der Seiten ist die\u00a0YouTube, LLC, 901 Cherry Ave., San Bruno, CA 94066, USA. Wenn Sie eine unserer mit einem YouTube-Plugin ausgestatteten Seiten besuchen, wird eine Verbindung zu den Servern von YouTube hergestellt.\u00a0Dabei wird dem Youtube-Server mitgeteilt, welche unserer Seiten Sie besucht haben.\u00a0Wenn Sie in Ihrem YouTube-Account eingeloggt sind erm\u00f6glichen Sie YouTube, Ihr Surfverhalten direkt\u00a0Ihrem pers\u00f6nlichen Profil zuzuordnen. Dies k\u00f6nnen Sie verhindern, indem Sie sich aus Ihrem YouTube-Account ausloggen. Weitere Informationen zum Umgang von Nutzerdaten finden Sie in der Datenschutzerkl\u00e4rung von\u00a0YouTube unter: https:\/\/www.google.de\/intl\/de\/policies\/privacy SSL-Verschl\u00fcsselung Diese Seite nutzt aus Gr\u00fcnden der Sicherheit und zum Schutz der \u00dcbertragung vertraulicher Inhalte, wie\u00a0zum Beispiel der Anfragen, die Sie an uns als Seitenbetreiber senden, eine SSL-Verschl\u00fcsselung. Eine\u00a0verschl\u00fcsselte Verbindung erkennen Sie daran, dass die Adresszeile des Browsers von &#8220;http:\/\/&#8221; auf\u00a0&#8220;https:\/\/&#8221; wechselt und an dem Schloss-Symbol in Ihrer Browserzeile.\u00a0Wenn die SSL Verschl\u00fcsselung aktiviert ist, k\u00f6nnen die Daten, die Sie an uns \u00fcbermitteln, nicht von\u00a0Dritten mitgelesen werden. Recht auf Auskunft, L\u00f6schung, Sperrung Sie haben jederzeit das Recht auf unentgeltliche Auskunft \u00fcber Ihre gespeicherten personenbezogenen\u00a0Daten, deren Herkunft und Empf\u00e4nger und den Zweck der Datenverarbeitung sowie ein Recht auf\u00a0Berichtigung, Sperrung oder L\u00f6schung dieser Daten. Hierzu sowie zu weiteren Fragen zum Thema\u00a0personenbezogene Daten k\u00f6nnen Sie sich jederzeit unter der im Impressum angegebenen Adresse an\u00a0uns wenden. Widerspruch Werbe-Mails Der Nutzung von im Rahmen der Impressumspflicht ver\u00f6ffentlichten Kontaktdaten zur \u00dcbersendung von\u00a0nicht ausdr\u00fccklich angeforderter Werbung und Informationsmaterialien wird hiermit widersprochen. Die\u00a0Betreiber der Seiten behalten sich ausdr\u00fccklich rechtliche Schritte im Falle der unverlangten Zusendung\u00a0von Werbeinformationen, etwa durch Spam-E-Mails, vor. Quelle: e-recht24.de<\/p>\n","protected":false},"author":1,"featured_media":0,"parent":0,"menu_order":0,"comment_status":"closed","ping_status":"closed","template":"","meta":{"ngg_post_thumbnail":0,"jetpack_post_was_ever_published":false,"footnotes":""},"class_list":["post-3087","page","type-page","status-publish","hentry"],"jetpack_shortlink":"https:\/\/wp.me\/P4Fngw-NN","jetpack_sharing_enabled":true,"jetpack_likes_enabled":true,"_links":{"self":[{"href":"https:\/\/www.blogaroundsound.de\/index.php?rest_route=\/wp\/v2\/pages\/3087","targetHints":{"allow":["GET"]}}],"collection":[{"href":"https:\/\/www.blogaroundsound.de\/index.php?rest_route=\/wp\/v2\/pages"}],"about":[{"href":"https:\/\/www.blogaroundsound.de\/index.php?rest_route=\/wp\/v2\/types\/page"}],"author":[{"embeddable":true,"href":"https:\/\/www.blogaroundsound.de\/index.php?rest_route=\/wp\/v2\/users\/1"}],"replies":[{"embeddable":true,"href":"https:\/\/www.blogaroundsound.de\/index.php?rest_route=%2Fwp%2Fv2%2Fcomments&post=3087"}],"version-history":[{"count":4,"href":"https:\/\/www.blogaroundsound.de\/index.php?rest_route=\/wp\/v2\/pages\/3087\/revisions"}],"predecessor-version":[{"id":3092,"href":"https:\/\/www.blogaroundsound.de\/index.php?rest_route=\/wp\/v2\/pages\/3087\/revisions\/3092"}],"wp:attachment":[{"href":"https:\/\/www.blogaroundsound.de\/index.php?rest_route=%2Fwp%2Fv2%2Fmedia&parent=3087"}],"curies":[{"name":"wp","href":"https:\/\/api.w.org\/{rel}","templated":true}]}}